{"id":30,"date":"2021-03-09T23:47:11","date_gmt":"2021-03-09T23:47:11","guid":{"rendered":"https:\/\/www.atletica75.it\/wp2\/?page_id=30"},"modified":"2025-08-19T14:07:54","modified_gmt":"2025-08-19T14:07:54","slug":"iscrizione","status":"publish","type":"page","link":"https:\/\/www.atletica75.it\/wp2\/iscrizione\/","title":{"rendered":"ISCRIZIONE"},"content":{"rendered":"\n<div class=\"wp-block-columns is-layout-flex wp-container-3 wp-block-columns-is-layout-flex\">\n<div class=\"wp-block-column is-layout-flow wp-block-column-is-layout-flow\" style=\"flex-basis:70%\">\n<p><strong>OPEN DAY DAL 15 AL 19 SETTEMBRE<\/strong> <strong>!!!<\/strong>                                                                                     Le attivit\u00e0 regolari inizieranno il giorno luned\u00ec 22 settembre 2025<\/p>\n\n\n\n<p><\/p>\n\n\n\n<h3 class=\"wp-block-heading\">Cosa serve:<\/h3>\n\n\n\n<ul>\n<li>certificato medico dal 6^ anno di et\u00e0 compiuto (necessario anche per il periodo di prova)<\/li>\n\n\n\n<li>modulistica da compilare e firmare direttamente in segreteria <\/li>\n<\/ul>\n\n\n\n<p><\/p>\n\n\n\n<h3 class=\"wp-block-heading\">Orari delle attivit\u00e0 <\/h3>\n\n\n\n<p>Vedi sezione CORSI &#8211; DOWNLOAD ORARI<\/p>\n<\/div>\n\n\n\n<div class=\"wp-block-column is-layout-flow wp-block-column-is-layout-flow\">\n<h3 class=\"wp-block-heading\">Informazioni<\/h3>\n\n\n\n<p>Per informazioni e contatti scrivere a <br><strong>info@atletica75.it<\/strong><\/p>\n\n\n\n<p>Oppure chiamare il  <br><strong>388 7723199<\/strong><\/p>\n<\/div>\n<\/div>\n\n\n\n<p><\/p>\n\n\n\n<p><\/p>\n\n\n\n<p>COMPILARE LA PRE-ISCRIZIONE AL LINK               <a href=\"https:\/\/docs.google.com\/forms\/d\/e\/1FAIpQLSfsl3qO7gzrDItrY0_tfPaEWlwXOgU-gwQWrlQVGNSW_RyDMg\/viewform?usp=preview\" data-type=\"link\" data-id=\"https:\/\/docs.google.com\/forms\/d\/e\/1FAIpQLSfsl3qO7gzrDItrY0_tfPaEWlwXOgU-gwQWrlQVGNSW_RyDMg\/viewform?usp=preview\">https:\/\/docs.google.com\/forms\/d\/e\/1FAIpQLSfsl3qO7gzrDItrY0_tfPaEWlwXOgU-gwQWrlQVGNSW_RyDMg\/viewform?usp=preview<\/a><\/p>\n","protected":false},"excerpt":{"rendered":"<p>OPEN DAY DAL 15 AL 19 SETTEMBRE !!! Le attivit\u00e0 regolari inizieranno il giorno luned\u00ec 22 settembre 2025 Cosa serve: Orari delle attivit\u00e0 Vedi sezione CORSI &#8211; DOWNLOAD ORARI Informazioni Per informazioni e contatti scrivere a info@atletica75.it Oppure chiamare il 388 7723199 COMPILARE LA PRE-ISCRIZIONE AL LINK https:\/\/docs.google.com\/forms\/d\/e\/1FAIpQLSfsl3qO7gzrDItrY0_tfPaEWlwXOgU-gwQWrlQVGNSW_RyDMg\/viewform?usp=preview<\/p>\n","protected":false},"author":1,"featured_media":0,"parent":0,"menu_order":0,"comment_status":"closed","ping_status":"closed","template":"","meta":{"_et_pb_use_builder":"off","_et_pb_old_content":"","_et_gb_content_width":"","footnotes":""},"_links":{"self":[{"href":"https:\/\/www.atletica75.it\/wp2\/wp-json\/wp\/v2\/pages\/30"}],"collection":[{"href":"https:\/\/www.atletica75.it\/wp2\/wp-json\/wp\/v2\/pages"}],"about":[{"href":"https:\/\/www.atletica75.it\/wp2\/wp-json\/wp\/v2\/types\/page"}],"author":[{"embeddable":true,"href":"https:\/\/www.atletica75.it\/wp2\/wp-json\/wp\/v2\/users\/1"}],"replies":[{"embeddable":true,"href":"https:\/\/www.atletica75.it\/wp2\/wp-json\/wp\/v2\/comments?post=30"}],"version-history":[{"count":20,"href":"https:\/\/www.atletica75.it\/wp2\/wp-json\/wp\/v2\/pages\/30\/revisions"}],"predecessor-version":[{"id":7887,"href":"https:\/\/www.atletica75.it\/wp2\/wp-json\/wp\/v2\/pages\/30\/revisions\/7887"}],"wp:attachment":[{"href":"https:\/\/www.atletica75.it\/wp2\/wp-json\/wp\/v2\/media?parent=30"}],"curies":[{"name":"wp","href":"https:\/\/api.w.org\/{rel}","templated":true}]}}