{"id":6727,"date":"2022-01-22T22:18:59","date_gmt":"2022-01-22T22:18:59","guid":{"rendered":"https:\/\/www.atletica75.it\/wp2\/?page_id=6727"},"modified":"2025-08-17T21:34:20","modified_gmt":"2025-08-17T21:34:20","slug":"attivita-ludico-motoria-scuola-dellinfanzia","status":"publish","type":"page","link":"https:\/\/www.atletica75.it\/wp2\/corsi\/attivita-ludico-motoria-scuola-dellinfanzia\/","title":{"rendered":"ATTIVIT\u00c0 LUDICO MOTORIA &#8211; SCUOLA DELL\u2019INFANZIA"},"content":{"rendered":"<figure style=\"height:400px;\" class=\"wp-block-post-featured-image\"><img loading=\"lazy\" width=\"1500\" height=\"1000\" src=\"https:\/\/www.atletica75.it\/wp2\/wp-content\/uploads\/2022\/03\/Attivita\u0300-ludico-motoria-BFEM9927_1500px.jpeg\" class=\"attachment-post-thumbnail size-post-thumbnail wp-post-image\" alt=\"\" decoding=\"async\" style=\"height:400px;object-fit:cover;\" srcset=\"https:\/\/www.atletica75.it\/wp2\/wp-content\/uploads\/2022\/03\/Attivita\u0300-ludico-motoria-BFEM9927_1500px.jpeg 1500w, https:\/\/www.atletica75.it\/wp2\/wp-content\/uploads\/2022\/03\/Attivita\u0300-ludico-motoria-BFEM9927_1500px-300x200.jpeg 300w, https:\/\/www.atletica75.it\/wp2\/wp-content\/uploads\/2022\/03\/Attivita\u0300-ludico-motoria-BFEM9927_1500px-1024x683.jpeg 1024w, https:\/\/www.atletica75.it\/wp2\/wp-content\/uploads\/2022\/03\/Attivita\u0300-ludico-motoria-BFEM9927_1500px-768x512.jpeg 768w, https:\/\/www.atletica75.it\/wp2\/wp-content\/uploads\/2022\/03\/Attivita\u0300-ludico-motoria-BFEM9927_1500px-1080x720.jpeg 1080w, https:\/\/www.atletica75.it\/wp2\/wp-content\/uploads\/2022\/03\/Attivita\u0300-ludico-motoria-BFEM9927_1500px-1280x853.jpeg 1280w, https:\/\/www.atletica75.it\/wp2\/wp-content\/uploads\/2022\/03\/Attivita\u0300-ludico-motoria-BFEM9927_1500px-980x653.jpeg 980w, https:\/\/www.atletica75.it\/wp2\/wp-content\/uploads\/2022\/03\/Attivita\u0300-ludico-motoria-BFEM9927_1500px-480x320.jpeg 480w\" sizes=\"(max-width: 1500px) 100vw, 1500px\" \/><\/figure>\n\n\n<div style=\"height:30px\" aria-hidden=\"true\" class=\"wp-block-spacer\"><\/div>\n\n\n\n<p>Il gioco motorio si pone come base per lo sviluppo armonico del bambino. E\u2019 un fenomeno spontaneo e rappresenta non solo ci\u00f2 che in un adulto \u00e8 attivit\u00e0 cosciente ma anche esplorazione, curiosit\u00e0, attivazione e cooperazione. Il gioco libero e guidato rappresenta un forte mezzo educativo attraverso cui si impara a superare ostacoli e a conoscere le capacit\u00e0 del proprio corpo. L\u2019attivit\u00e0 ludico-motoria \u00e8 composta da manipolazione dei materiali, percorsi misti basati ad esempio su correre, saltare, lanciare, arrampicare, appendersi, scivolare. E ancora giochi di conoscenza e di collaborazione, giochi con la musica, a piccoli gruppi. Le numerose attrezzature stimolano a frequentare piacevolmente e con entusiasmo le attivit\u00e0 proposte.<\/p>\n\n\n\n<p><strong>Orari: marted\u00ec e gioved\u00ec dalle 16 alle 17<\/strong> &#8211; et\u00e0 3\/4 anni<\/p>\n\n\n\n<div style=\"height:30px\" aria-hidden=\"true\" class=\"wp-block-spacer\"><\/div>\n\n\n\n<figure class=\"wp-block-gallery has-nested-images columns-default is-cropped wp-block-gallery-1 is-layout-flex wp-block-gallery-is-layout-flex\">\n<figure class=\"wp-block-image size-large\"><img decoding=\"async\" loading=\"lazy\" width=\"1500\" height=\"1000\" data-id=\"7042\" src=\"https:\/\/www.atletica75.it\/wp2\/wp-content\/uploads\/2022\/03\/Attivita\u0300-ludico-motoria-BFEM0015_1500px.jpeg\" alt=\"\" class=\"wp-image-7042\" srcset=\"https:\/\/www.atletica75.it\/wp2\/wp-content\/uploads\/2022\/03\/Attivita\u0300-ludico-motoria-BFEM0015_1500px.jpeg 1500w, https:\/\/www.atletica75.it\/wp2\/wp-content\/uploads\/2022\/03\/Attivita\u0300-ludico-motoria-BFEM0015_1500px-300x200.jpeg 300w, https:\/\/www.atletica75.it\/wp2\/wp-content\/uploads\/2022\/03\/Attivita\u0300-ludico-motoria-BFEM0015_1500px-1024x683.jpeg 1024w, https:\/\/www.atletica75.it\/wp2\/wp-content\/uploads\/2022\/03\/Attivita\u0300-ludico-motoria-BFEM0015_1500px-768x512.jpeg 768w, https:\/\/www.atletica75.it\/wp2\/wp-content\/uploads\/2022\/03\/Attivita\u0300-ludico-motoria-BFEM0015_1500px-1080x720.jpeg 1080w, https:\/\/www.atletica75.it\/wp2\/wp-content\/uploads\/2022\/03\/Attivita\u0300-ludico-motoria-BFEM0015_1500px-1280x853.jpeg 1280w, https:\/\/www.atletica75.it\/wp2\/wp-content\/uploads\/2022\/03\/Attivita\u0300-ludico-motoria-BFEM0015_1500px-980x653.jpeg 980w, https:\/\/www.atletica75.it\/wp2\/wp-content\/uploads\/2022\/03\/Attivita\u0300-ludico-motoria-BFEM0015_1500px-480x320.jpeg 480w\" sizes=\"(max-width: 1500px) 100vw, 1500px\" \/><\/figure>\n\n\n\n<figure class=\"wp-block-image size-large\"><img decoding=\"async\" loading=\"lazy\" width=\"1500\" height=\"1000\" data-id=\"7041\" src=\"https:\/\/www.atletica75.it\/wp2\/wp-content\/uploads\/2022\/03\/Attivita\u0300-ludico-motoria-BFEM0006_1500px.jpeg\" alt=\"\" class=\"wp-image-7041\" srcset=\"https:\/\/www.atletica75.it\/wp2\/wp-content\/uploads\/2022\/03\/Attivita\u0300-ludico-motoria-BFEM0006_1500px.jpeg 1500w, https:\/\/www.atletica75.it\/wp2\/wp-content\/uploads\/2022\/03\/Attivita\u0300-ludico-motoria-BFEM0006_1500px-300x200.jpeg 300w, https:\/\/www.atletica75.it\/wp2\/wp-content\/uploads\/2022\/03\/Attivita\u0300-ludico-motoria-BFEM0006_1500px-1024x683.jpeg 1024w, https:\/\/www.atletica75.it\/wp2\/wp-content\/uploads\/2022\/03\/Attivita\u0300-ludico-motoria-BFEM0006_1500px-768x512.jpeg 768w, https:\/\/www.atletica75.it\/wp2\/wp-content\/uploads\/2022\/03\/Attivita\u0300-ludico-motoria-BFEM0006_1500px-1080x720.jpeg 1080w, https:\/\/www.atletica75.it\/wp2\/wp-content\/uploads\/2022\/03\/Attivita\u0300-ludico-motoria-BFEM0006_1500px-1280x853.jpeg 1280w, https:\/\/www.atletica75.it\/wp2\/wp-content\/uploads\/2022\/03\/Attivita\u0300-ludico-motoria-BFEM0006_1500px-980x653.jpeg 980w, https:\/\/www.atletica75.it\/wp2\/wp-content\/uploads\/2022\/03\/Attivita\u0300-ludico-motoria-BFEM0006_1500px-480x320.jpeg 480w\" sizes=\"(max-width: 1500px) 100vw, 1500px\" \/><\/figure>\n\n\n\n<figure class=\"wp-block-image size-large\"><img decoding=\"async\" loading=\"lazy\" width=\"1500\" height=\"1000\" data-id=\"7040\" src=\"https:\/\/www.atletica75.it\/wp2\/wp-content\/uploads\/2022\/03\/Attivita\u0300-ludico-motoria-BFEM9963_1500px.jpeg\" alt=\"\" class=\"wp-image-7040\" srcset=\"https:\/\/www.atletica75.it\/wp2\/wp-content\/uploads\/2022\/03\/Attivita\u0300-ludico-motoria-BFEM9963_1500px.jpeg 1500w, https:\/\/www.atletica75.it\/wp2\/wp-content\/uploads\/2022\/03\/Attivita\u0300-ludico-motoria-BFEM9963_1500px-300x200.jpeg 300w, https:\/\/www.atletica75.it\/wp2\/wp-content\/uploads\/2022\/03\/Attivita\u0300-ludico-motoria-BFEM9963_1500px-1024x683.jpeg 1024w, https:\/\/www.atletica75.it\/wp2\/wp-content\/uploads\/2022\/03\/Attivita\u0300-ludico-motoria-BFEM9963_1500px-768x512.jpeg 768w, https:\/\/www.atletica75.it\/wp2\/wp-content\/uploads\/2022\/03\/Attivita\u0300-ludico-motoria-BFEM9963_1500px-1080x720.jpeg 1080w, https:\/\/www.atletica75.it\/wp2\/wp-content\/uploads\/2022\/03\/Attivita\u0300-ludico-motoria-BFEM9963_1500px-1280x853.jpeg 1280w, https:\/\/www.atletica75.it\/wp2\/wp-content\/uploads\/2022\/03\/Attivita\u0300-ludico-motoria-BFEM9963_1500px-980x653.jpeg 980w, https:\/\/www.atletica75.it\/wp2\/wp-content\/uploads\/2022\/03\/Attivita\u0300-ludico-motoria-BFEM9963_1500px-480x320.jpeg 480w\" sizes=\"(max-width: 1500px) 100vw, 1500px\" \/><\/figure>\n\n\n\n<figure class=\"wp-block-image size-large\"><img decoding=\"async\" loading=\"lazy\" width=\"1500\" height=\"1000\" data-id=\"7039\" src=\"https:\/\/www.atletica75.it\/wp2\/wp-content\/uploads\/2022\/03\/Attivita\u0300-ludico-motoria-BFEM9962_1500px.jpeg\" alt=\"\" class=\"wp-image-7039\" srcset=\"https:\/\/www.atletica75.it\/wp2\/wp-content\/uploads\/2022\/03\/Attivita\u0300-ludico-motoria-BFEM9962_1500px.jpeg 1500w, https:\/\/www.atletica75.it\/wp2\/wp-content\/uploads\/2022\/03\/Attivita\u0300-ludico-motoria-BFEM9962_1500px-300x200.jpeg 300w, https:\/\/www.atletica75.it\/wp2\/wp-content\/uploads\/2022\/03\/Attivita\u0300-ludico-motoria-BFEM9962_1500px-1024x683.jpeg 1024w, https:\/\/www.atletica75.it\/wp2\/wp-content\/uploads\/2022\/03\/Attivita\u0300-ludico-motoria-BFEM9962_1500px-768x512.jpeg 768w, https:\/\/www.atletica75.it\/wp2\/wp-content\/uploads\/2022\/03\/Attivita\u0300-ludico-motoria-BFEM9962_1500px-1080x720.jpeg 1080w, https:\/\/www.atletica75.it\/wp2\/wp-content\/uploads\/2022\/03\/Attivita\u0300-ludico-motoria-BFEM9962_1500px-1280x853.jpeg 1280w, https:\/\/www.atletica75.it\/wp2\/wp-content\/uploads\/2022\/03\/Attivita\u0300-ludico-motoria-BFEM9962_1500px-980x653.jpeg 980w, https:\/\/www.atletica75.it\/wp2\/wp-content\/uploads\/2022\/03\/Attivita\u0300-ludico-motoria-BFEM9962_1500px-480x320.jpeg 480w\" sizes=\"(max-width: 1500px) 100vw, 1500px\" \/><\/figure>\n\n\n\n<figure class=\"wp-block-image size-large\"><img decoding=\"async\" loading=\"lazy\" width=\"1500\" height=\"1000\" data-id=\"7038\" src=\"https:\/\/www.atletica75.it\/wp2\/wp-content\/uploads\/2022\/03\/Attivita\u0300-ludico-motoria-BFEM9950_1500px.jpeg\" alt=\"\" class=\"wp-image-7038\" srcset=\"https:\/\/www.atletica75.it\/wp2\/wp-content\/uploads\/2022\/03\/Attivita\u0300-ludico-motoria-BFEM9950_1500px.jpeg 1500w, https:\/\/www.atletica75.it\/wp2\/wp-content\/uploads\/2022\/03\/Attivita\u0300-ludico-motoria-BFEM9950_1500px-300x200.jpeg 300w, https:\/\/www.atletica75.it\/wp2\/wp-content\/uploads\/2022\/03\/Attivita\u0300-ludico-motoria-BFEM9950_1500px-1024x683.jpeg 1024w, https:\/\/www.atletica75.it\/wp2\/wp-content\/uploads\/2022\/03\/Attivita\u0300-ludico-motoria-BFEM9950_1500px-768x512.jpeg 768w, https:\/\/www.atletica75.it\/wp2\/wp-content\/uploads\/2022\/03\/Attivita\u0300-ludico-motoria-BFEM9950_1500px-1080x720.jpeg 1080w, https:\/\/www.atletica75.it\/wp2\/wp-content\/uploads\/2022\/03\/Attivita\u0300-ludico-motoria-BFEM9950_1500px-1280x853.jpeg 1280w, https:\/\/www.atletica75.it\/wp2\/wp-content\/uploads\/2022\/03\/Attivita\u0300-ludico-motoria-BFEM9950_1500px-980x653.jpeg 980w, https:\/\/www.atletica75.it\/wp2\/wp-content\/uploads\/2022\/03\/Attivita\u0300-ludico-motoria-BFEM9950_1500px-480x320.jpeg 480w\" sizes=\"(max-width: 1500px) 100vw, 1500px\" \/><\/figure>\n\n\n\n<figure class=\"wp-block-image size-large\"><img decoding=\"async\" loading=\"lazy\" width=\"1500\" height=\"1000\" data-id=\"7037\" src=\"https:\/\/www.atletica75.it\/wp2\/wp-content\/uploads\/2022\/03\/Attivita\u0300-ludico-motoria-BFEM9940_1500px.jpeg\" alt=\"\" class=\"wp-image-7037\" srcset=\"https:\/\/www.atletica75.it\/wp2\/wp-content\/uploads\/2022\/03\/Attivita\u0300-ludico-motoria-BFEM9940_1500px.jpeg 1500w, https:\/\/www.atletica75.it\/wp2\/wp-content\/uploads\/2022\/03\/Attivita\u0300-ludico-motoria-BFEM9940_1500px-300x200.jpeg 300w, https:\/\/www.atletica75.it\/wp2\/wp-content\/uploads\/2022\/03\/Attivita\u0300-ludico-motoria-BFEM9940_1500px-1024x683.jpeg 1024w, https:\/\/www.atletica75.it\/wp2\/wp-content\/uploads\/2022\/03\/Attivita\u0300-ludico-motoria-BFEM9940_1500px-768x512.jpeg 768w, https:\/\/www.atletica75.it\/wp2\/wp-content\/uploads\/2022\/03\/Attivita\u0300-ludico-motoria-BFEM9940_1500px-1080x720.jpeg 1080w, https:\/\/www.atletica75.it\/wp2\/wp-content\/uploads\/2022\/03\/Attivita\u0300-ludico-motoria-BFEM9940_1500px-1280x853.jpeg 1280w, https:\/\/www.atletica75.it\/wp2\/wp-content\/uploads\/2022\/03\/Attivita\u0300-ludico-motoria-BFEM9940_1500px-980x653.jpeg 980w, https:\/\/www.atletica75.it\/wp2\/wp-content\/uploads\/2022\/03\/Attivita\u0300-ludico-motoria-BFEM9940_1500px-480x320.jpeg 480w\" sizes=\"(max-width: 1500px) 100vw, 1500px\" \/><\/figure>\n<\/figure>\n","protected":false},"excerpt":{"rendered":"<p>Il gioco motorio si pone come base per lo sviluppo armonico del bambino. E\u2019 un fenomeno spontaneo e rappresenta non solo ci\u00f2 che in un adulto \u00e8 attivit\u00e0 cosciente ma anche esplorazione, curiosit\u00e0, attivazione e cooperazione. Il gioco libero e guidato rappresenta un forte mezzo educativo attraverso cui si impara a superare ostacoli e a [&hellip;]<\/p>\n","protected":false},"author":1,"featured_media":7036,"parent":23,"menu_order":0,"comment_status":"closed","ping_status":"closed","template":"","meta":{"_et_pb_use_builder":"off","_et_pb_old_content":"","_et_gb_content_width":"","footnotes":""},"_links":{"self":[{"href":"https:\/\/www.atletica75.it\/wp2\/wp-json\/wp\/v2\/pages\/6727"}],"collection":[{"href":"https:\/\/www.atletica75.it\/wp2\/wp-json\/wp\/v2\/pages"}],"about":[{"href":"https:\/\/www.atletica75.it\/wp2\/wp-json\/wp\/v2\/types\/page"}],"author":[{"embeddable":true,"href":"https:\/\/www.atletica75.it\/wp2\/wp-json\/wp\/v2\/users\/1"}],"replies":[{"embeddable":true,"href":"https:\/\/www.atletica75.it\/wp2\/wp-json\/wp\/v2\/comments?post=6727"}],"version-history":[{"count":5,"href":"https:\/\/www.atletica75.it\/wp2\/wp-json\/wp\/v2\/pages\/6727\/revisions"}],"predecessor-version":[{"id":7851,"href":"https:\/\/www.atletica75.it\/wp2\/wp-json\/wp\/v2\/pages\/6727\/revisions\/7851"}],"up":[{"embeddable":true,"href":"https:\/\/www.atletica75.it\/wp2\/wp-json\/wp\/v2\/pages\/23"}],"wp:featuredmedia":[{"embeddable":true,"href":"https:\/\/www.atletica75.it\/wp2\/wp-json\/wp\/v2\/media\/7036"}],"wp:attachment":[{"href":"https:\/\/www.atletica75.it\/wp2\/wp-json\/wp\/v2\/media?parent=6727"}],"curies":[{"name":"wp","href":"https:\/\/api.w.org\/{rel}","templated":true}]}}