{"id":6733,"date":"2022-01-22T22:32:49","date_gmt":"2022-01-22T22:32:49","guid":{"rendered":"https:\/\/www.atletica75.it\/wp2\/?page_id=6733"},"modified":"2025-08-17T21:44:11","modified_gmt":"2025-08-17T21:44:11","slug":"atletica-leggera","status":"publish","type":"page","link":"https:\/\/www.atletica75.it\/wp2\/corsi\/atletica-leggera\/","title":{"rendered":"ATLETICA LEGGERA"},"content":{"rendered":"<figure style=\"height:400px;\" class=\"wp-block-post-featured-image\"><img loading=\"lazy\" width=\"1500\" height=\"1000\" src=\"https:\/\/www.atletica75.it\/wp2\/wp-content\/uploads\/2022\/03\/Atletica-BFEM0770_1500px.jpeg\" class=\"attachment-post-thumbnail size-post-thumbnail wp-post-image\" alt=\"\" decoding=\"async\" style=\"height:400px;object-fit:cover;\" srcset=\"https:\/\/www.atletica75.it\/wp2\/wp-content\/uploads\/2022\/03\/Atletica-BFEM0770_1500px.jpeg 1500w, https:\/\/www.atletica75.it\/wp2\/wp-content\/uploads\/2022\/03\/Atletica-BFEM0770_1500px-1280x853.jpeg 1280w, https:\/\/www.atletica75.it\/wp2\/wp-content\/uploads\/2022\/03\/Atletica-BFEM0770_1500px-980x653.jpeg 980w, https:\/\/www.atletica75.it\/wp2\/wp-content\/uploads\/2022\/03\/Atletica-BFEM0770_1500px-480x320.jpeg 480w\" sizes=\"(min-width: 0px) and (max-width: 480px) 480px, (min-width: 481px) and (max-width: 980px) 980px, (min-width: 981px) and (max-width: 1280px) 1280px, (min-width: 1281px) 1500px, 100vw\" \/><\/figure>\n\n\n<div style=\"height:30px\" aria-hidden=\"true\" class=\"wp-block-spacer\"><\/div>\n\n\n\n<p>L\u2019atletica leggera d\u00e0 la possibilit\u00e0 di praticare diverse specialit\u00e0 come le corse (velocit\u00e0, ostacoli, staffetta, corsa campestre, marcia), i salti (salto in alto, salto in lungo, salto triplo, salto con l\u2019asta), i lanci (lancio del disco, lancio del peso, lancio del martello, lancio del giavellotto). Le proposte sono adattate ad ogni fascia di et\u00e0 in modo da rispettare le tappe evolutive. Vi \u00e8 anche l\u2019opportunit\u00e0 di partecipare a competizioni in base al proprio livello.<\/p>\n\n\n\n<h2 class=\"wp-block-heading\">Orari<\/h2>\n\n\n\n<p>ESORDIENTI dai 5 ai 9 anni: luned\u00ec, mercoled\u00ec, venerd\u00ec 16,45\/18,00<\/p>\n\n\n\n<p>RAGAZZI dai 10 ai 12 anni: luned\u00ec, mercoled\u00ec, venerd\u00ec 16,45\/18,00<\/p>\n\n\n\n<p>CADETTI BASE dai 13 ai 15 anni: luned\u00ec, mercoled\u00ec, venerd\u00ec 16,45\/18,00<\/p>\n\n\n\n<p>CADETTI AVANZATI dai 13 ai 15 anni: luned\u00ec, mercoled\u00ec, venerd\u00ec 17,45\/19,30<\/p>\n\n\n\n<p>ALLIEVI E ASSOLUTI dai 16 anni: luned\u00ec, mercoled\u00ec, venerd\u00ec 17,45\/19,30<\/p>\n\n\n\n<div style=\"height:40px\" aria-hidden=\"true\" class=\"wp-block-spacer\"><\/div>\n\n\n\n<figure class=\"wp-block-gallery has-nested-images columns-default is-cropped wp-block-gallery-1 is-layout-flex wp-block-gallery-is-layout-flex\">\n<figure class=\"wp-block-image size-large\"><img decoding=\"async\" loading=\"lazy\" width=\"1500\" height=\"1000\" data-id=\"7112\" src=\"https:\/\/www.atletica75.it\/wp2\/wp-content\/uploads\/2022\/03\/Atletica-BFEM1012_1500px.jpeg\" alt=\"\" class=\"wp-image-7112\" srcset=\"https:\/\/www.atletica75.it\/wp2\/wp-content\/uploads\/2022\/03\/Atletica-BFEM1012_1500px.jpeg 1500w, https:\/\/www.atletica75.it\/wp2\/wp-content\/uploads\/2022\/03\/Atletica-BFEM1012_1500px-1280x853.jpeg 1280w, https:\/\/www.atletica75.it\/wp2\/wp-content\/uploads\/2022\/03\/Atletica-BFEM1012_1500px-980x653.jpeg 980w, https:\/\/www.atletica75.it\/wp2\/wp-content\/uploads\/2022\/03\/Atletica-BFEM1012_1500px-480x320.jpeg 480w\" sizes=\"(min-width: 0px) and (max-width: 480px) 480px, (min-width: 481px) and (max-width: 980px) 980px, (min-width: 981px) and (max-width: 1280px) 1280px, (min-width: 1281px) 1500px, 100vw\" \/><\/figure>\n\n\n\n<figure class=\"wp-block-image size-large\"><img decoding=\"async\" loading=\"lazy\" width=\"1500\" height=\"1000\" data-id=\"7111\" src=\"https:\/\/www.atletica75.it\/wp2\/wp-content\/uploads\/2022\/03\/Atletica-BFEM1004_1500px.jpeg\" alt=\"\" class=\"wp-image-7111\" srcset=\"https:\/\/www.atletica75.it\/wp2\/wp-content\/uploads\/2022\/03\/Atletica-BFEM1004_1500px.jpeg 1500w, https:\/\/www.atletica75.it\/wp2\/wp-content\/uploads\/2022\/03\/Atletica-BFEM1004_1500px-1280x853.jpeg 1280w, https:\/\/www.atletica75.it\/wp2\/wp-content\/uploads\/2022\/03\/Atletica-BFEM1004_1500px-980x653.jpeg 980w, https:\/\/www.atletica75.it\/wp2\/wp-content\/uploads\/2022\/03\/Atletica-BFEM1004_1500px-480x320.jpeg 480w\" sizes=\"(min-width: 0px) and (max-width: 480px) 480px, (min-width: 481px) and (max-width: 980px) 980px, (min-width: 981px) and (max-width: 1280px) 1280px, (min-width: 1281px) 1500px, 100vw\" \/><\/figure>\n\n\n\n<figure class=\"wp-block-image size-large\"><img decoding=\"async\" loading=\"lazy\" width=\"1500\" height=\"1000\" data-id=\"7104\" src=\"https:\/\/www.atletica75.it\/wp2\/wp-content\/uploads\/2022\/03\/Atletica-BFEM0928_1500px.jpeg\" alt=\"\" class=\"wp-image-7104\" srcset=\"https:\/\/www.atletica75.it\/wp2\/wp-content\/uploads\/2022\/03\/Atletica-BFEM0928_1500px.jpeg 1500w, https:\/\/www.atletica75.it\/wp2\/wp-content\/uploads\/2022\/03\/Atletica-BFEM0928_1500px-1280x853.jpeg 1280w, https:\/\/www.atletica75.it\/wp2\/wp-content\/uploads\/2022\/03\/Atletica-BFEM0928_1500px-980x653.jpeg 980w, https:\/\/www.atletica75.it\/wp2\/wp-content\/uploads\/2022\/03\/Atletica-BFEM0928_1500px-480x320.jpeg 480w\" sizes=\"(min-width: 0px) and (max-width: 480px) 480px, (min-width: 481px) and (max-width: 980px) 980px, (min-width: 981px) and (max-width: 1280px) 1280px, (min-width: 1281px) 1500px, 100vw\" \/><\/figure>\n\n\n\n<figure class=\"wp-block-image size-large\"><img decoding=\"async\" loading=\"lazy\" width=\"1500\" height=\"1000\" data-id=\"7101\" src=\"https:\/\/www.atletica75.it\/wp2\/wp-content\/uploads\/2022\/03\/Atletica-BFEM0862_1500px.jpeg\" alt=\"\" class=\"wp-image-7101\" srcset=\"https:\/\/www.atletica75.it\/wp2\/wp-content\/uploads\/2022\/03\/Atletica-BFEM0862_1500px.jpeg 1500w, https:\/\/www.atletica75.it\/wp2\/wp-content\/uploads\/2022\/03\/Atletica-BFEM0862_1500px-1280x853.jpeg 1280w, https:\/\/www.atletica75.it\/wp2\/wp-content\/uploads\/2022\/03\/Atletica-BFEM0862_1500px-980x653.jpeg 980w, https:\/\/www.atletica75.it\/wp2\/wp-content\/uploads\/2022\/03\/Atletica-BFEM0862_1500px-480x320.jpeg 480w\" sizes=\"(min-width: 0px) and (max-width: 480px) 480px, (min-width: 481px) and (max-width: 980px) 980px, (min-width: 981px) and (max-width: 1280px) 1280px, (min-width: 1281px) 1500px, 100vw\" \/><\/figure>\n\n\n\n<figure class=\"wp-block-image size-large\"><img decoding=\"async\" loading=\"lazy\" width=\"1500\" height=\"1000\" data-id=\"7090\" src=\"https:\/\/www.atletica75.it\/wp2\/wp-content\/uploads\/2022\/03\/Atletica-BFEM0692_1500px.jpeg\" alt=\"\" class=\"wp-image-7090\" srcset=\"https:\/\/www.atletica75.it\/wp2\/wp-content\/uploads\/2022\/03\/Atletica-BFEM0692_1500px.jpeg 1500w, https:\/\/www.atletica75.it\/wp2\/wp-content\/uploads\/2022\/03\/Atletica-BFEM0692_1500px-1280x853.jpeg 1280w, https:\/\/www.atletica75.it\/wp2\/wp-content\/uploads\/2022\/03\/Atletica-BFEM0692_1500px-980x653.jpeg 980w, https:\/\/www.atletica75.it\/wp2\/wp-content\/uploads\/2022\/03\/Atletica-BFEM0692_1500px-480x320.jpeg 480w\" sizes=\"(min-width: 0px) and (max-width: 480px) 480px, (min-width: 481px) and (max-width: 980px) 980px, (min-width: 981px) and (max-width: 1280px) 1280px, (min-width: 1281px) 1500px, 100vw\" \/><\/figure>\n\n\n\n<figure class=\"wp-block-image size-large\"><img decoding=\"async\" loading=\"lazy\" width=\"1500\" height=\"1000\" data-id=\"7087\" src=\"https:\/\/www.atletica75.it\/wp2\/wp-content\/uploads\/2022\/03\/Atletica-BFEM0643_1500px.jpeg\" alt=\"\" class=\"wp-image-7087\" srcset=\"https:\/\/www.atletica75.it\/wp2\/wp-content\/uploads\/2022\/03\/Atletica-BFEM0643_1500px.jpeg 1500w, https:\/\/www.atletica75.it\/wp2\/wp-content\/uploads\/2022\/03\/Atletica-BFEM0643_1500px-1280x853.jpeg 1280w, https:\/\/www.atletica75.it\/wp2\/wp-content\/uploads\/2022\/03\/Atletica-BFEM0643_1500px-980x653.jpeg 980w, https:\/\/www.atletica75.it\/wp2\/wp-content\/uploads\/2022\/03\/Atletica-BFEM0643_1500px-480x320.jpeg 480w\" sizes=\"(min-width: 0px) and (max-width: 480px) 480px, (min-width: 481px) and (max-width: 980px) 980px, (min-width: 981px) and (max-width: 1280px) 1280px, (min-width: 1281px) 1500px, 100vw\" \/><\/figure>\n\n\n\n<figure class=\"wp-block-image size-large\"><img decoding=\"async\" loading=\"lazy\" width=\"1500\" height=\"1000\" data-id=\"7080\" src=\"https:\/\/www.atletica75.it\/wp2\/wp-content\/uploads\/2022\/03\/Atletica-BFEM0499_1500px.jpeg\" alt=\"\" class=\"wp-image-7080\" srcset=\"https:\/\/www.atletica75.it\/wp2\/wp-content\/uploads\/2022\/03\/Atletica-BFEM0499_1500px.jpeg 1500w, https:\/\/www.atletica75.it\/wp2\/wp-content\/uploads\/2022\/03\/Atletica-BFEM0499_1500px-1280x853.jpeg 1280w, https:\/\/www.atletica75.it\/wp2\/wp-content\/uploads\/2022\/03\/Atletica-BFEM0499_1500px-980x653.jpeg 980w, https:\/\/www.atletica75.it\/wp2\/wp-content\/uploads\/2022\/03\/Atletica-BFEM0499_1500px-480x320.jpeg 480w\" sizes=\"(min-width: 0px) and (max-width: 480px) 480px, (min-width: 481px) and (max-width: 980px) 980px, (min-width: 981px) and (max-width: 1280px) 1280px, (min-width: 1281px) 1500px, 100vw\" \/><\/figure>\n\n\n\n<figure class=\"wp-block-image size-large\"><img decoding=\"async\" loading=\"lazy\" width=\"1500\" height=\"1000\" data-id=\"7084\" src=\"https:\/\/www.atletica75.it\/wp2\/wp-content\/uploads\/2022\/03\/Atletica-BFEM0578_1500px.jpeg\" alt=\"\" class=\"wp-image-7084\" srcset=\"https:\/\/www.atletica75.it\/wp2\/wp-content\/uploads\/2022\/03\/Atletica-BFEM0578_1500px.jpeg 1500w, https:\/\/www.atletica75.it\/wp2\/wp-content\/uploads\/2022\/03\/Atletica-BFEM0578_1500px-1280x853.jpeg 1280w, https:\/\/www.atletica75.it\/wp2\/wp-content\/uploads\/2022\/03\/Atletica-BFEM0578_1500px-980x653.jpeg 980w, https:\/\/www.atletica75.it\/wp2\/wp-content\/uploads\/2022\/03\/Atletica-BFEM0578_1500px-480x320.jpeg 480w\" sizes=\"(min-width: 0px) and (max-width: 480px) 480px, (min-width: 481px) and (max-width: 980px) 980px, (min-width: 981px) and (max-width: 1280px) 1280px, (min-width: 1281px) 1500px, 100vw\" \/><\/figure>\n\n\n\n<figure class=\"wp-block-image size-large\"><img decoding=\"async\" loading=\"lazy\" width=\"1500\" height=\"1000\" data-id=\"7078\" src=\"https:\/\/www.atletica75.it\/wp2\/wp-content\/uploads\/2022\/03\/Atletica-BFEM0480_1500px.jpeg\" alt=\"\" class=\"wp-image-7078\" srcset=\"https:\/\/www.atletica75.it\/wp2\/wp-content\/uploads\/2022\/03\/Atletica-BFEM0480_1500px.jpeg 1500w, https:\/\/www.atletica75.it\/wp2\/wp-content\/uploads\/2022\/03\/Atletica-BFEM0480_1500px-1280x853.jpeg 1280w, https:\/\/www.atletica75.it\/wp2\/wp-content\/uploads\/2022\/03\/Atletica-BFEM0480_1500px-980x653.jpeg 980w, https:\/\/www.atletica75.it\/wp2\/wp-content\/uploads\/2022\/03\/Atletica-BFEM0480_1500px-480x320.jpeg 480w\" sizes=\"(min-width: 0px) and (max-width: 480px) 480px, (min-width: 481px) and (max-width: 980px) 980px, (min-width: 981px) and (max-width: 1280px) 1280px, (min-width: 1281px) 1500px, 100vw\" \/><\/figure>\n\n\n\n<figure class=\"wp-block-image size-large\"><img decoding=\"async\" loading=\"lazy\" width=\"1500\" height=\"1000\" data-id=\"7089\" src=\"https:\/\/www.atletica75.it\/wp2\/wp-content\/uploads\/2022\/03\/Atletica-BFEM0663_1500px.jpeg\" alt=\"\" class=\"wp-image-7089\" srcset=\"https:\/\/www.atletica75.it\/wp2\/wp-content\/uploads\/2022\/03\/Atletica-BFEM0663_1500px.jpeg 1500w, https:\/\/www.atletica75.it\/wp2\/wp-content\/uploads\/2022\/03\/Atletica-BFEM0663_1500px-1280x853.jpeg 1280w, https:\/\/www.atletica75.it\/wp2\/wp-content\/uploads\/2022\/03\/Atletica-BFEM0663_1500px-980x653.jpeg 980w, https:\/\/www.atletica75.it\/wp2\/wp-content\/uploads\/2022\/03\/Atletica-BFEM0663_1500px-480x320.jpeg 480w\" sizes=\"(min-width: 0px) and (max-width: 480px) 480px, (min-width: 481px) and (max-width: 980px) 980px, (min-width: 981px) and (max-width: 1280px) 1280px, (min-width: 1281px) 1500px, 100vw\" \/><\/figure>\n<\/figure>\n","protected":false},"excerpt":{"rendered":"<p>L\u2019atletica leggera d\u00e0 la possibilit\u00e0 di praticare diverse specialit\u00e0 come le corse (velocit\u00e0, ostacoli, staffetta, corsa campestre, marcia), i salti (salto in alto, salto in lungo, salto triplo, salto con l\u2019asta), i lanci (lancio del disco, lancio del peso, lancio del martello, lancio del giavellotto). Le proposte sono adattate ad ogni fascia di et\u00e0 in [&hellip;]<\/p>\n","protected":false},"author":1,"featured_media":7095,"parent":23,"menu_order":0,"comment_status":"closed","ping_status":"closed","template":"","meta":{"_et_pb_use_builder":"off","_et_pb_old_content":"","_et_gb_content_width":"","footnotes":""},"_links":{"self":[{"href":"https:\/\/www.atletica75.it\/wp2\/wp-json\/wp\/v2\/pages\/6733"}],"collection":[{"href":"https:\/\/www.atletica75.it\/wp2\/wp-json\/wp\/v2\/pages"}],"about":[{"href":"https:\/\/www.atletica75.it\/wp2\/wp-json\/wp\/v2\/types\/page"}],"author":[{"embeddable":true,"href":"https:\/\/www.atletica75.it\/wp2\/wp-json\/wp\/v2\/users\/1"}],"replies":[{"embeddable":true,"href":"https:\/\/www.atletica75.it\/wp2\/wp-json\/wp\/v2\/comments?post=6733"}],"version-history":[{"count":5,"href":"https:\/\/www.atletica75.it\/wp2\/wp-json\/wp\/v2\/pages\/6733\/revisions"}],"predecessor-version":[{"id":7859,"href":"https:\/\/www.atletica75.it\/wp2\/wp-json\/wp\/v2\/pages\/6733\/revisions\/7859"}],"up":[{"embeddable":true,"href":"https:\/\/www.atletica75.it\/wp2\/wp-json\/wp\/v2\/pages\/23"}],"wp:featuredmedia":[{"embeddable":true,"href":"https:\/\/www.atletica75.it\/wp2\/wp-json\/wp\/v2\/media\/7095"}],"wp:attachment":[{"href":"https:\/\/www.atletica75.it\/wp2\/wp-json\/wp\/v2\/media?parent=6733"}],"curies":[{"name":"wp","href":"https:\/\/api.w.org\/{rel}","templated":true}]}}