{"id":6739,"date":"2022-01-22T22:41:00","date_gmt":"2022-01-22T22:41:00","guid":{"rendered":"https:\/\/www.atletica75.it\/wp2\/?page_id=6739"},"modified":"2025-08-17T21:41:30","modified_gmt":"2025-08-17T21:41:30","slug":"ginnastica-acrobatica","status":"publish","type":"page","link":"https:\/\/www.atletica75.it\/wp2\/corsi\/ginnastica-acrobatica\/","title":{"rendered":"GINNASTICA ARTISTICA PER ADULTI"},"content":{"rendered":"\n<p>PRINCIPIANTI E AVANZATI<\/p>\n\n\n\n<p>La parte acrobatica della ginnastica artistica \u00e8 la base di questo corso, negli allenamenti trovano spazio il potenziamento fisico specifico attraverso circuiti propedeutici e il miglioramento generalizzato delle proprie capacit\u00e0 fisiche.<\/p>\n\n\n\n<h2 class=\"wp-block-heading\">Orari: <\/h2>\n\n\n\n<p>Marted\u00ec e Gioved\u00ec dalle 19:45 alle 21:30<\/p>\n","protected":false},"excerpt":{"rendered":"<p>PRINCIPIANTI E AVANZATI La parte acrobatica della ginnastica artistica \u00e8 la base di questo corso, negli allenamenti trovano spazio il potenziamento fisico specifico attraverso circuiti propedeutici e il miglioramento generalizzato delle proprie capacit\u00e0 fisiche. Orari: Marted\u00ec e Gioved\u00ec dalle 19:45 alle 21:30<\/p>\n","protected":false},"author":1,"featured_media":0,"parent":23,"menu_order":0,"comment_status":"closed","ping_status":"closed","template":"","meta":{"_et_pb_use_builder":"off","_et_pb_old_content":"","_et_gb_content_width":"","footnotes":""},"_links":{"self":[{"href":"https:\/\/www.atletica75.it\/wp2\/wp-json\/wp\/v2\/pages\/6739"}],"collection":[{"href":"https:\/\/www.atletica75.it\/wp2\/wp-json\/wp\/v2\/pages"}],"about":[{"href":"https:\/\/www.atletica75.it\/wp2\/wp-json\/wp\/v2\/types\/page"}],"author":[{"embeddable":true,"href":"https:\/\/www.atletica75.it\/wp2\/wp-json\/wp\/v2\/users\/1"}],"replies":[{"embeddable":true,"href":"https:\/\/www.atletica75.it\/wp2\/wp-json\/wp\/v2\/comments?post=6739"}],"version-history":[{"count":7,"href":"https:\/\/www.atletica75.it\/wp2\/wp-json\/wp\/v2\/pages\/6739\/revisions"}],"predecessor-version":[{"id":7857,"href":"https:\/\/www.atletica75.it\/wp2\/wp-json\/wp\/v2\/pages\/6739\/revisions\/7857"}],"up":[{"embeddable":true,"href":"https:\/\/www.atletica75.it\/wp2\/wp-json\/wp\/v2\/pages\/23"}],"wp:attachment":[{"href":"https:\/\/www.atletica75.it\/wp2\/wp-json\/wp\/v2\/media?parent=6739"}],"curies":[{"name":"wp","href":"https:\/\/api.w.org\/{rel}","templated":true}]}}