{"id":6749,"date":"2022-01-22T22:48:45","date_gmt":"2022-01-22T22:48:45","guid":{"rendered":"https:\/\/www.atletica75.it\/wp2\/?page_id=6749"},"modified":"2025-08-17T21:46:14","modified_gmt":"2025-08-17T21:46:14","slug":"tessuti-aerei","status":"publish","type":"page","link":"https:\/\/www.atletica75.it\/wp2\/corsi\/tessuti-aerei\/","title":{"rendered":"TESSUTI AEREI"},"content":{"rendered":"<figure class=\"wp-block-post-featured-image\"><img loading=\"lazy\" width=\"1500\" height=\"1000\" src=\"https:\/\/www.atletica75.it\/wp2\/wp-content\/uploads\/2022\/08\/Tessuti-aerei-atletica-75.jpg\" class=\"attachment-post-thumbnail size-post-thumbnail wp-post-image\" alt=\"\" decoding=\"async\" style=\"object-fit:cover;\" srcset=\"https:\/\/www.atletica75.it\/wp2\/wp-content\/uploads\/2022\/08\/Tessuti-aerei-atletica-75.jpg 1500w, https:\/\/www.atletica75.it\/wp2\/wp-content\/uploads\/2022\/08\/Tessuti-aerei-atletica-75-1280x853.jpg 1280w, https:\/\/www.atletica75.it\/wp2\/wp-content\/uploads\/2022\/08\/Tessuti-aerei-atletica-75-980x653.jpg 980w, https:\/\/www.atletica75.it\/wp2\/wp-content\/uploads\/2022\/08\/Tessuti-aerei-atletica-75-480x320.jpg 480w\" sizes=\"(min-width: 0px) and (max-width: 480px) 480px, (min-width: 481px) and (max-width: 980px) 980px, (min-width: 981px) and (max-width: 1280px) 1280px, (min-width: 1281px) 1500px, 100vw\" \/><\/figure>\n\n\n<div style=\"height:30px\" aria-hidden=\"true\" class=\"wp-block-spacer\"><\/div>\n\n\n\n<p>\u00c8 una disciplina acrobatica che si ispira alle arti circensi, utilizza teli sospesi a 8 metri di altezza. Dopo aver preparato il corpo e aver lavorato sulla fluidit\u00e0 dei movimenti si riescono ad eseguire figure aeree interessanti ed efficaci. Tessuti aerei o \u201cariel Silk\u201d non intende essere solo una pratica ginnica ma una vera e propria forma d\u2019arte. Con il tempo, la sospensione, gli equilibri e l\u2019armonia dei gesti si arriver\u00e0 ad un estremo benessere sia dal punto di vista fisico che mentale.<\/p>\n\n\n\n<h2 class=\"wp-block-heading\">Orari: <\/h2>\n\n\n\n<p>Luned\u00ec &#8211; Mercoled\u00ec &#8211; Venerd\u00ec dalle 20:45 alle 22:15   <strong>dai 14 anni<\/strong><\/p>\n","protected":false},"excerpt":{"rendered":"<p>\u00c8 una disciplina acrobatica che si ispira alle arti circensi, utilizza teli sospesi a 8 metri di altezza. Dopo aver preparato il corpo e aver lavorato sulla fluidit\u00e0 dei movimenti si riescono ad eseguire figure aeree interessanti ed efficaci. Tessuti aerei o \u201cariel Silk\u201d non intende essere solo una pratica ginnica ma una vera e [&hellip;]<\/p>\n","protected":false},"author":1,"featured_media":7331,"parent":23,"menu_order":0,"comment_status":"closed","ping_status":"closed","template":"","meta":{"_et_pb_use_builder":"off","_et_pb_old_content":"","_et_gb_content_width":"","footnotes":""},"_links":{"self":[{"href":"https:\/\/www.atletica75.it\/wp2\/wp-json\/wp\/v2\/pages\/6749"}],"collection":[{"href":"https:\/\/www.atletica75.it\/wp2\/wp-json\/wp\/v2\/pages"}],"about":[{"href":"https:\/\/www.atletica75.it\/wp2\/wp-json\/wp\/v2\/types\/page"}],"author":[{"embeddable":true,"href":"https:\/\/www.atletica75.it\/wp2\/wp-json\/wp\/v2\/users\/1"}],"replies":[{"embeddable":true,"href":"https:\/\/www.atletica75.it\/wp2\/wp-json\/wp\/v2\/comments?post=6749"}],"version-history":[{"count":8,"href":"https:\/\/www.atletica75.it\/wp2\/wp-json\/wp\/v2\/pages\/6749\/revisions"}],"predecessor-version":[{"id":7861,"href":"https:\/\/www.atletica75.it\/wp2\/wp-json\/wp\/v2\/pages\/6749\/revisions\/7861"}],"up":[{"embeddable":true,"href":"https:\/\/www.atletica75.it\/wp2\/wp-json\/wp\/v2\/pages\/23"}],"wp:featuredmedia":[{"embeddable":true,"href":"https:\/\/www.atletica75.it\/wp2\/wp-json\/wp\/v2\/media\/7331"}],"wp:attachment":[{"href":"https:\/\/www.atletica75.it\/wp2\/wp-json\/wp\/v2\/media?parent=6749"}],"curies":[{"name":"wp","href":"https:\/\/api.w.org\/{rel}","templated":true}]}}