{"id":7229,"date":"2022-08-10T10:49:45","date_gmt":"2022-08-10T10:49:45","guid":{"rendered":"https:\/\/www.atletica75.it\/wp2\/?page_id=7229"},"modified":"2025-08-19T14:40:41","modified_gmt":"2025-08-19T14:40:41","slug":"norme-di-accesso-agli-impianti","status":"publish","type":"page","link":"https:\/\/www.atletica75.it\/wp2\/norme-di-accesso-agli-impianti\/","title":{"rendered":"Norme di accesso agli impianti"},"content":{"rendered":"\n<p>Per accedere agli impianti in concessione all&#8217;associazione <strong>Atletica 75 Cattolica<\/strong> \u00e8 necessario:<\/p>\n\n\n\n<ul>\n<li>Tessera per anno sportivo 2025\/2026 (varie possibilit\u00e0)<\/li>\n\n\n\n<li>Per chi \u00e8 gi\u00e0 affiliato alla Federazione Italiana Atletica (FIDAL) occorre certificato medico in corso di validit\u00e0<\/li>\n<\/ul>\n\n\n\n<p><\/p>\n\n\n\n<h2 class=\"wp-block-heading\">Per info e contatti:<\/h2>\n\n\n\n<p><strong>G.S. Atletica 75 Cattolica A.S.D.<\/strong><br>Palestra \u201cAndrea Ercolessi\u201d<br>Via&nbsp;S. D\u2019Acquisto&nbsp;(zona Stadio)<br>47841 Cattolica RN<\/p>\n\n\n\n<p>Mail: <strong>info@atletica75.it<\/strong><br>Cel. +39 388 7723199<\/p>\n","protected":false},"excerpt":{"rendered":"<p>Per accedere agli impianti in concessione all&#8217;associazione Atletica 75 Cattolica \u00e8 necessario: Per info e contatti: G.S. Atletica 75 Cattolica A.S.D.Palestra \u201cAndrea Ercolessi\u201dVia&nbsp;S. D\u2019Acquisto&nbsp;(zona Stadio)47841 Cattolica RN Mail: info@atletica75.itCel. +39 388 7723199<\/p>\n","protected":false},"author":1,"featured_media":0,"parent":0,"menu_order":0,"comment_status":"closed","ping_status":"closed","template":"","meta":{"_et_pb_use_builder":"off","_et_pb_old_content":"","_et_gb_content_width":"","footnotes":""},"_links":{"self":[{"href":"https:\/\/www.atletica75.it\/wp2\/wp-json\/wp\/v2\/pages\/7229"}],"collection":[{"href":"https:\/\/www.atletica75.it\/wp2\/wp-json\/wp\/v2\/pages"}],"about":[{"href":"https:\/\/www.atletica75.it\/wp2\/wp-json\/wp\/v2\/types\/page"}],"author":[{"embeddable":true,"href":"https:\/\/www.atletica75.it\/wp2\/wp-json\/wp\/v2\/users\/1"}],"replies":[{"embeddable":true,"href":"https:\/\/www.atletica75.it\/wp2\/wp-json\/wp\/v2\/comments?post=7229"}],"version-history":[{"count":3,"href":"https:\/\/www.atletica75.it\/wp2\/wp-json\/wp\/v2\/pages\/7229\/revisions"}],"predecessor-version":[{"id":7892,"href":"https:\/\/www.atletica75.it\/wp2\/wp-json\/wp\/v2\/pages\/7229\/revisions\/7892"}],"wp:attachment":[{"href":"https:\/\/www.atletica75.it\/wp2\/wp-json\/wp\/v2\/media?parent=7229"}],"curies":[{"name":"wp","href":"https:\/\/api.w.org\/{rel}","templated":true}]}}